{"id":3483,"date":"2025-09-16T14:02:22","date_gmt":"2025-09-16T12:02:22","guid":{"rendered":"https:\/\/www.parking-prodains.com\/legal-notices\/"},"modified":"2025-10-02T19:10:10","modified_gmt":"2025-10-02T17:10:10","slug":"legal-notices","status":"publish","type":"page","link":"https:\/\/www.parking-prodains.com\/en\/legal-notices\/","title":{"rendered":"Legal notices"},"content":{"rendered":"\t\t<div data-elementor-type=\"wp-page\" data-elementor-id=\"3483\" class=\"elementor elementor-3483 elementor-2219\" data-elementor-post-type=\"page\">\n\t\t\t\t<div class=\"elementor-element elementor-element-227a00e e-flex e-con-boxed e-con e-parent\" data-id=\"227a00e\" data-element_type=\"container\" data-e-type=\"container\">\n\t\t\t\t\t<div class=\"e-con-inner\">\n\t\t\t\t<div class=\"elementor-element elementor-element-ba570d5 elementor-widget elementor-widget-heading\" data-id=\"ba570d5\" data-element_type=\"widget\" data-e-type=\"widget\" data-widget_type=\"heading.default\">\n\t\t\t\t\t<h1 class=\"elementor-heading-title elementor-size-default\">Legal notices<\/h1>\t\t\t\t<\/div>\n\t\t\t\t<div class=\"elementor-element elementor-element-3cb6acf elementor-widget elementor-widget-text-editor\" data-id=\"3cb6acf\" data-element_type=\"widget\" data-e-type=\"widget\" data-widget_type=\"text-editor.default\">\n\t\t\t\t\t\t\t\t\t<h2>Publisher and Publication Manager<\/h2><p><strong>Publisher and Publication<\/strong>:<br>Parking Priv\u00e9 des Prodains &#8211; 3052 Route des Ardoisi\u00e8res 74110 Morzine (France)<br><strong>Publishing Director<\/strong>: Fr\u00e9d\u00e9ric Buet<br><strong>Phone<\/strong>: +33 (0)6 83 19 21 18<br><strong>Email<\/strong>: info@parking-prodains.com<\/p><p>This website was created on behalf of Parking Priv\u00e9 des Prodains, a company registered in the Trade and Companies Register under number 394 829 358 000 44, with its registered office in Morzine.<\/p><p>The statements made on this site represent only the opinion of their author and do not bind the companies, businesses, or groups to which he contributes or with which he may be associated or employed.<\/p><h2>Credits<\/h2><p><strong>Graphic design<\/strong> (visual identity &#8211; web design) <strong>&amp; production<\/strong>: Rapha\u00ebl Surquain (<a href=\"http:\/\/www.linkedin.com\/in\/raphael-surquain\">Contact<\/a>)<br><strong>Hosting<\/strong>:<br>Soci\u00e9t\u00e9 OVH, SAS, soci\u00e9t\u00e9 de droit fran\u00e7ais<br>2 rue Kellermann &#8211; 59100 Roubaix<br>Inscrite au RCS de Roubaix au num\u00e9ro B424 761 419<\/p><h2>Personal data<\/h2><p>Personal data collected by www.parking-prodains.com (hereinafter: &#8220;the Site&#8221;) is intended solely for internal use and will not be used commercially. Under no circumstances will this data be transferred or sold to third parties. They are collected only for the purpose of compiling website traffic statistics.<\/p><h2>Limitation of Liability<\/h2><p>The content made available on the website is provided for informational purposes only. It is therefore up to the website user to use this information with discernment and a critical mind. The Site cannot be held liable for the information, opinions, and recommendations provided on this website or by third parties.<\/p><h2>Hyperlinks to third-party websites<\/h2><p>This portal contains information provided by external companies or hypertext links to other sites that have not been developed by the Site.<\/p><p>The Site has no control over the content of third-party sites. The existence of a hyperlink between the Site and a third-party site does not in any way imply that the Site endorses that site or its content. <\/p><h2>Licenses, reproduction rights<\/h2><p>Unless otherwise explicitly stated, documents published or downloadable on the Site are licensed under Creative Commons BY-NC-SA, which authorizes their reproduction and modification subject to the following conditions:<\/p><ul><li>respect for their authorship. You must cite the name of the original author.<\/li><li>absence of commercial use. You are not permitted to use this creation for commercial purposes.<\/li><li>sharing identical initial conditions. If you modify, transform, or adapt this creation, you may only distribute the resulting creation under a contract identical to this one.<\/li><li>to reproduce this license in its entirety each time it is reused or distributed Creative Commons BY-NC-SA.<\/li><\/ul><p><br>The Site is created using WordPress software licensed under the GPL.<\/p><h2>Site modification<\/h2><p>Parking Priv\u00e9 des Prodains reserves the right to modify or correct the content of this site and these legal notices at any time without prior notice.<\/p>\t\t\t\t\t\t\t\t<\/div>\n\t\t\t\t\t<\/div>\n\t\t\t\t<\/div>\n\t\t\t\t<\/div>\n\t\t","protected":false},"excerpt":{"rendered":"<p>Legal notices Publisher and Publication Manager Publisher and Publication:Parking Priv\u00e9 des Prodains &#8211; 3052 Route des Ardoisi\u00e8res 74110 Morzine (France)Publishing Director: Fr\u00e9d\u00e9ric BuetPhone: +33 (0)6 83 19 21 18Email: info@parking-prodains.com This website was created on behalf of Parking Priv\u00e9 des Prodains, a company registered in the Trade and Companies Register under number 394 829 358 [&hellip;]<\/p>\n","protected":false},"author":1,"featured_media":0,"parent":0,"menu_order":0,"comment_status":"closed","ping_status":"closed","template":"elementor_header_footer","meta":{"footnotes":""},"class_list":["post-3483","page","type-page","status-publish","hentry"],"yoast_head":"<!-- This site is optimized with the Yoast SEO plugin v27.0 - https:\/\/yoast.com\/product\/yoast-seo-wordpress\/ -->\n<title>Legal notices - Parking Priv\u00e9 des Prodains<\/title>\n<meta name=\"robots\" content=\"index, follow, max-snippet:-1, max-image-preview:large, max-video-preview:-1\" \/>\n<link rel=\"canonical\" href=\"https:\/\/www.parking-prodains.com\/en\/legal-notices\/\" \/>\n<meta property=\"og:locale\" content=\"en_US\" \/>\n<meta property=\"og:type\" content=\"article\" \/>\n<meta property=\"og:title\" content=\"Legal notices - Parking Priv\u00e9 des Prodains\" \/>\n<meta property=\"og:description\" content=\"Legal notices Publisher and Publication Manager Publisher and Publication:Parking Priv\u00e9 des Prodains &#8211; 3052 Route des Ardoisi\u00e8res 74110 Morzine (France)Publishing Director: Fr\u00e9d\u00e9ric BuetPhone: +33 (0)6 83 19 21 18Email: info@parking-prodains.com This website was created on behalf of Parking Priv\u00e9 des Prodains, a company registered in the Trade and Companies Register under number 394 829 358 [&hellip;]\" \/>\n<meta property=\"og:url\" content=\"https:\/\/www.parking-prodains.com\/en\/legal-notices\/\" \/>\n<meta property=\"og:site_name\" content=\"Parking Priv\u00e9 des Prodains\" \/>\n<meta property=\"article:modified_time\" content=\"2025-10-02T17:10:10+00:00\" \/>\n<meta name=\"twitter:card\" content=\"summary_large_image\" \/>\n<meta name=\"twitter:label1\" content=\"Est. reading time\" \/>\n\t<meta name=\"twitter:data1\" content=\"2 minutes\" \/>\n<script type=\"application\/ld+json\" class=\"yoast-schema-graph\">{\"@context\":\"https:\/\/schema.org\",\"@graph\":[{\"@type\":\"WebPage\",\"@id\":\"https:\/\/www.parking-prodains.com\/en\/legal-notices\/\",\"url\":\"https:\/\/www.parking-prodains.com\/en\/legal-notices\/\",\"name\":\"Legal notices - Parking Priv\u00e9 des Prodains\",\"isPartOf\":{\"@id\":\"https:\/\/www.parking-prodains.com\/en\/#website\"},\"datePublished\":\"2025-09-16T12:02:22+00:00\",\"dateModified\":\"2025-10-02T17:10:10+00:00\",\"breadcrumb\":{\"@id\":\"https:\/\/www.parking-prodains.com\/en\/legal-notices\/#breadcrumb\"},\"inLanguage\":\"en-US\",\"potentialAction\":[{\"@type\":\"ReadAction\",\"target\":[\"https:\/\/www.parking-prodains.com\/en\/legal-notices\/\"]}]},{\"@type\":\"BreadcrumbList\",\"@id\":\"https:\/\/www.parking-prodains.com\/en\/legal-notices\/#breadcrumb\",\"itemListElement\":[{\"@type\":\"ListItem\",\"position\":1,\"name\":\"Home\",\"item\":\"https:\/\/www.parking-prodains.com\/en\/\"},{\"@type\":\"ListItem\",\"position\":2,\"name\":\"Legal notices\"}]},{\"@type\":\"WebSite\",\"@id\":\"https:\/\/www.parking-prodains.com\/en\/#website\",\"url\":\"https:\/\/www.parking-prodains.com\/en\/\",\"name\":\"Parking Priv\u00e9 des Prodains\",\"description\":\"\",\"publisher\":{\"@id\":\"https:\/\/www.parking-prodains.com\/en\/#organization\"},\"potentialAction\":[{\"@type\":\"SearchAction\",\"target\":{\"@type\":\"EntryPoint\",\"urlTemplate\":\"https:\/\/www.parking-prodains.com\/en\/?s={search_term_string}\"},\"query-input\":{\"@type\":\"PropertyValueSpecification\",\"valueRequired\":true,\"valueName\":\"search_term_string\"}}],\"inLanguage\":\"en-US\"},{\"@type\":\"Organization\",\"@id\":\"https:\/\/www.parking-prodains.com\/en\/#organization\",\"name\":\"Parking Priv\u00e9 des Prodains\",\"url\":\"https:\/\/www.parking-prodains.com\/en\/\",\"logo\":{\"@type\":\"ImageObject\",\"inLanguage\":\"en-US\",\"@id\":\"https:\/\/www.parking-prodains.com\/en\/#\/schema\/logo\/image\/\",\"url\":\"https:\/\/www.parking-prodains.com\/wp-content\/uploads\/2025\/09\/Group-52.svg\",\"contentUrl\":\"https:\/\/www.parking-prodains.com\/wp-content\/uploads\/2025\/09\/Group-52.svg\",\"width\":756,\"height\":162,\"caption\":\"Parking Priv\u00e9 des Prodains\"},\"image\":{\"@id\":\"https:\/\/www.parking-prodains.com\/en\/#\/schema\/logo\/image\/\"}}]}<\/script>\n<!-- \/ Yoast SEO plugin. -->","yoast_head_json":{"title":"Legal notices - Parking Priv\u00e9 des Prodains","robots":{"index":"index","follow":"follow","max-snippet":"max-snippet:-1","max-image-preview":"max-image-preview:large","max-video-preview":"max-video-preview:-1"},"canonical":"https:\/\/www.parking-prodains.com\/en\/legal-notices\/","og_locale":"en_US","og_type":"article","og_title":"Legal notices - Parking Priv\u00e9 des Prodains","og_description":"Legal notices Publisher and Publication Manager Publisher and Publication:Parking Priv\u00e9 des Prodains &#8211; 3052 Route des Ardoisi\u00e8res 74110 Morzine (France)Publishing Director: Fr\u00e9d\u00e9ric BuetPhone: +33 (0)6 83 19 21 18Email: info@parking-prodains.com This website was created on behalf of Parking Priv\u00e9 des Prodains, a company registered in the Trade and Companies Register under number 394 829 358 [&hellip;]","og_url":"https:\/\/www.parking-prodains.com\/en\/legal-notices\/","og_site_name":"Parking Priv\u00e9 des Prodains","article_modified_time":"2025-10-02T17:10:10+00:00","twitter_card":"summary_large_image","twitter_misc":{"Est. reading time":"2 minutes"},"schema":{"@context":"https:\/\/schema.org","@graph":[{"@type":"WebPage","@id":"https:\/\/www.parking-prodains.com\/en\/legal-notices\/","url":"https:\/\/www.parking-prodains.com\/en\/legal-notices\/","name":"Legal notices - Parking Priv\u00e9 des Prodains","isPartOf":{"@id":"https:\/\/www.parking-prodains.com\/en\/#website"},"datePublished":"2025-09-16T12:02:22+00:00","dateModified":"2025-10-02T17:10:10+00:00","breadcrumb":{"@id":"https:\/\/www.parking-prodains.com\/en\/legal-notices\/#breadcrumb"},"inLanguage":"en-US","potentialAction":[{"@type":"ReadAction","target":["https:\/\/www.parking-prodains.com\/en\/legal-notices\/"]}]},{"@type":"BreadcrumbList","@id":"https:\/\/www.parking-prodains.com\/en\/legal-notices\/#breadcrumb","itemListElement":[{"@type":"ListItem","position":1,"name":"Home","item":"https:\/\/www.parking-prodains.com\/en\/"},{"@type":"ListItem","position":2,"name":"Legal notices"}]},{"@type":"WebSite","@id":"https:\/\/www.parking-prodains.com\/en\/#website","url":"https:\/\/www.parking-prodains.com\/en\/","name":"Parking Priv\u00e9 des Prodains","description":"","publisher":{"@id":"https:\/\/www.parking-prodains.com\/en\/#organization"},"potentialAction":[{"@type":"SearchAction","target":{"@type":"EntryPoint","urlTemplate":"https:\/\/www.parking-prodains.com\/en\/?s={search_term_string}"},"query-input":{"@type":"PropertyValueSpecification","valueRequired":true,"valueName":"search_term_string"}}],"inLanguage":"en-US"},{"@type":"Organization","@id":"https:\/\/www.parking-prodains.com\/en\/#organization","name":"Parking Priv\u00e9 des Prodains","url":"https:\/\/www.parking-prodains.com\/en\/","logo":{"@type":"ImageObject","inLanguage":"en-US","@id":"https:\/\/www.parking-prodains.com\/en\/#\/schema\/logo\/image\/","url":"https:\/\/www.parking-prodains.com\/wp-content\/uploads\/2025\/09\/Group-52.svg","contentUrl":"https:\/\/www.parking-prodains.com\/wp-content\/uploads\/2025\/09\/Group-52.svg","width":756,"height":162,"caption":"Parking Priv\u00e9 des Prodains"},"image":{"@id":"https:\/\/www.parking-prodains.com\/en\/#\/schema\/logo\/image\/"}}]}},"_links":{"self":[{"href":"https:\/\/www.parking-prodains.com\/en\/wp-json\/wp\/v2\/pages\/3483","targetHints":{"allow":["GET"]}}],"collection":[{"href":"https:\/\/www.parking-prodains.com\/en\/wp-json\/wp\/v2\/pages"}],"about":[{"href":"https:\/\/www.parking-prodains.com\/en\/wp-json\/wp\/v2\/types\/page"}],"author":[{"embeddable":true,"href":"https:\/\/www.parking-prodains.com\/en\/wp-json\/wp\/v2\/users\/1"}],"replies":[{"embeddable":true,"href":"https:\/\/www.parking-prodains.com\/en\/wp-json\/wp\/v2\/comments?post=3483"}],"version-history":[{"count":2,"href":"https:\/\/www.parking-prodains.com\/en\/wp-json\/wp\/v2\/pages\/3483\/revisions"}],"predecessor-version":[{"id":3500,"href":"https:\/\/www.parking-prodains.com\/en\/wp-json\/wp\/v2\/pages\/3483\/revisions\/3500"}],"wp:attachment":[{"href":"https:\/\/www.parking-prodains.com\/en\/wp-json\/wp\/v2\/media?parent=3483"}],"curies":[{"name":"wp","href":"https:\/\/api.w.org\/{rel}","templated":true}]}}